{"id":399,"date":"2021-03-16T12:48:15","date_gmt":"2021-03-16T11:48:15","guid":{"rendered":"http:\/\/lavilledemontable.fr\/?page_id=399"},"modified":"2021-10-22T16:10:26","modified_gmt":"2021-10-22T14:10:26","slug":"ressources","status":"publish","type":"page","link":"https:\/\/lavilledemontable.fr\/index.php\/ressources-2\/ressources\/","title":{"rendered":"Documents r\u00e9f\u00e9rences"},"content":{"rendered":"\n<figure class=\"wp-block-table\"><table><thead><tr><th>R\u00e9sources<\/th><th>Description<\/th><th>Ann\u00e9e de parution<\/th><th>Auteurs<\/th><th>lien internet<\/th><\/tr><\/thead><tbody><tr><td>CIRCULAR ECONOMY &#8211; PRINCIPLES FOR BUILDING DESIGN<\/td><td>Guide \u00e9dit\u00e9 par la Commission Europ\u00e9enne sur les principes de conception des b\u00e2timents dans le cadre de l\u2019\u00e9conomie circulaire<\/td><td>2020<\/td><td>Groupes de travail<\/td><td><a href=\"https:\/\/ec.europa.eu\/docsroom\/documents\/39984\">EC EUROPA-Principles for building design<\/a><\/td><\/tr><tr><td>CIRCULAR ECONOMY IN CONSTRUCTION DESIGN STRATEGIES FOR REVERSIBLE BUILDINGS<\/td><td>Contribution sur la strat\u00e9gie des b\u00e2timents r\u00e9versibles \u00e9tabli dans le cadre du projet BAMB2020<\/td><td>2019<\/td><td>Dr. Elma Durmisevic<\/td><td><a href=\"https:\/\/www.bamb2020.eu\/wp-content\/uploads\/2019\/05\/Reversible-Building-Design-Strateges.pdf\">Design stategies for Reversible buildings<\/a><\/td><\/tr><tr><td>TESTING BAMB RESULTS THROUGH PROTOTYPING AND PILOT PROJECTS<\/td><td>Rapport de retour d\u2019exp\u00e9rience de la r\u00e9alisation des projets pilotes dans le cadre du projet BAMB2020<\/td><td>2019<\/td><td>Groupes de travail BAMB2020<\/td><td><a href=\"https:\/\/www.bamb2020.eu\/wp-content\/uploads\/2019\/03\/20190228-BAMB-D14.pdf\">D14 \u2013 4 pilots built + Feedback report<\/a><\/td><\/tr><tr><td>Le droit de l\u2019urbanisme et de la construction permettent-ils de construire r\u00e9versible ?<\/td><td>Note r\u00e9alis\u00e9e pour le R\u00e9seau National des Am\u00e9nageurs par la SCET -Caisse des D\u00e9pots<\/td><td>2019<\/td><td>SCET-Caisse des D\u00e9p\u00f4ts<\/td><td><a href=\"http:\/\/www.reseaunationalamenageurs.logement.gouv.fr\/IMG\/pdf\/note_sur_la_reversibilite_-_vf.pdf\">r\u00e9versibilit\u00e9 et r\u00e8glementation<\/a><\/td><\/tr><tr><td>TESTING BAMB RESULTS THROUGH PROTOTYPING AND PILOT PROJECTS<\/td><td>Rapport de retour d\u2019exp\u00e9rience sur le prototypage des projets pilotes dans le cadre du projet BAMB2020<\/td><td>2018<\/td><td>Groupes de travail BAMB2020<\/td><td><a href=\"https:\/\/www.bamb2020.eu\/wp-content\/uploads\/2018\/10\/20180425-BAMB-WP4-D13.pdf\">D13-Prototyping feedback report<\/a><\/td><\/tr><tr><td>TESTING BAMB RESULTS THROUGH PROTOTYPING AND PILOT PROJECTS<\/td><td>Rapport de faisabilit\u00e9 des projets pilotes dans le cadre du projet BAMB2020<\/td><td>2017<\/td><td>Groupes de travail BAMB2020<\/td><td><a href=\"https:\/\/www.bamb2020.eu\/wp-content\/uploads\/2017\/09\/D12-feasibility-report-and-feedback-report_web.pdf\">D12- Feasibility report<\/a><\/td><\/tr><tr><td>DfD: Design for Disassembly in the built environment<\/td><td>Guide DfD \u00e9tabli par l\u2019Universit\u00e9 de Pennsylvanie pour le compte de la Ville de Seattle et du compt\u00e9 de King \/ USA<\/td><td>2006<\/td><td>Bradley Guy et Nicholas Ciarimboli<\/td><td><a href=\"https:\/\/www.kingcounty.gov\/~\/media\/depts\/dnrp\/solid-waste\/green-building\/documents\/Design_for_Disassembly-guide.ashx?la=en\">DfD Guide University of Pensylvania<\/a><\/td><\/tr><tr><td>HOW BUILDINGS LEARN<\/td><td>S\u00e9rie de vid\u00e9os r\u00e9alis\u00e9es pour la BBC TV sur la base du livre du m\u00eame auteur<\/td><td>1997<\/td><td>Stewart Brandt<\/td><td><a href=\"https:\/\/www.youtube.com\/watch?v=AvEqfg2sIH0\">How buildings learn \/ vid\u00e9os 1-6<\/a><\/td><\/tr><\/tbody><\/table><\/figure>\n\n\n\n<p><\/p>\n","protected":false},"excerpt":{"rendered":"<p>R\u00e9sources Description Ann\u00e9e de parution Auteurs lien internet CIRCULAR ECONOMY &#8211; PRINCIPLES FOR BUILDING DESIGN Guide \u00e9dit\u00e9 par la Commission Europ\u00e9enne sur les principes de conception des b\u00e2timents dans le cadre de l\u2019\u00e9conomie circulaire 2020 Groupes de travail EC EUROPA-Principles for building design CIRCULAR ECONOMY IN CONSTRUCTION DESIGN STRATEGIES FOR REVERSIBLE BUILDINGS Contribution sur la<\/p><\/div>\n<div class=\"blog-btn\"><a href=\"https:\/\/lavilledemontable.fr\/index.php\/ressources-2\/ressources\/\" class=\"home-blog-btn\">Lire la suite<\/a><\/p>\n","protected":false},"author":2,"featured_media":0,"parent":456,"menu_order":2,"comment_status":"closed","ping_status":"closed","template":"","meta":{"footnotes":""},"yoast_head":"<!-- This site is optimized with the Yoast SEO plugin v17.4 - https:\/\/yoast.com\/wordpress\/plugins\/seo\/ -->\n<title>Documents r\u00e9f\u00e9rences - La Ville D\u00e9montable &amp; R\u00e9versible<\/title>\n<meta name=\"robots\" content=\"index, follow, max-snippet:-1, max-image-preview:large, max-video-preview:-1\" \/>\n<link rel=\"canonical\" href=\"https:\/\/lavilledemontable.fr\/index.php\/ressources-2\/ressources\/\" \/>\n<meta property=\"og:locale\" content=\"fr_FR\" \/>\n<meta property=\"og:type\" content=\"article\" \/>\n<meta property=\"og:title\" content=\"Documents r\u00e9f\u00e9rences - La Ville D\u00e9montable &amp; R\u00e9versible\" \/>\n<meta property=\"og:description\" content=\"R\u00e9sources Description Ann\u00e9e de parution Auteurs lien internet CIRCULAR ECONOMY &#8211; PRINCIPLES FOR BUILDING DESIGN Guide \u00e9dit\u00e9 par la Commission Europ\u00e9enne sur les principes de conception des b\u00e2timents dans le cadre de l\u2019\u00e9conomie circulaire 2020 Groupes de travail EC EUROPA-Principles for building design CIRCULAR ECONOMY IN CONSTRUCTION DESIGN STRATEGIES FOR REVERSIBLE BUILDINGS Contribution sur laLire la suite\" \/>\n<meta property=\"og:url\" content=\"https:\/\/lavilledemontable.fr\/index.php\/ressources-2\/ressources\/\" \/>\n<meta property=\"og:site_name\" content=\"La Ville D\u00e9montable &amp; R\u00e9versible\" \/>\n<meta property=\"article:modified_time\" content=\"2021-10-22T14:10:26+00:00\" \/>\n<meta name=\"twitter:card\" content=\"summary_large_image\" \/>\n<meta name=\"twitter:label1\" content=\"Dur\u00e9e de lecture est.\" \/>\n\t<meta name=\"twitter:data1\" content=\"2 minutes\" \/>\n<script type=\"application\/ld+json\" class=\"yoast-schema-graph\">{\"@context\":\"https:\/\/schema.org\",\"@graph\":[{\"@type\":\"WebSite\",\"@id\":\"https:\/\/lavilledemontable.fr\/#website\",\"url\":\"https:\/\/lavilledemontable.fr\/\",\"name\":\"La Ville D\\u00e9montable &amp; R\\u00e9versible\",\"description\":\"Construire moins, construire mieux, r\\u00e9utiliser plus\",\"potentialAction\":[{\"@type\":\"SearchAction\",\"target\":{\"@type\":\"EntryPoint\",\"urlTemplate\":\"https:\/\/lavilledemontable.fr\/?s={search_term_string}\"},\"query-input\":\"required name=search_term_string\"}],\"inLanguage\":\"fr-FR\"},{\"@type\":\"WebPage\",\"@id\":\"https:\/\/lavilledemontable.fr\/index.php\/ressources-2\/ressources\/#webpage\",\"url\":\"https:\/\/lavilledemontable.fr\/index.php\/ressources-2\/ressources\/\",\"name\":\"Documents r\\u00e9f\\u00e9rences - La Ville D\\u00e9montable &amp; R\\u00e9versible\",\"isPartOf\":{\"@id\":\"https:\/\/lavilledemontable.fr\/#website\"},\"datePublished\":\"2021-03-16T11:48:15+00:00\",\"dateModified\":\"2021-10-22T14:10:26+00:00\",\"breadcrumb\":{\"@id\":\"https:\/\/lavilledemontable.fr\/index.php\/ressources-2\/ressources\/#breadcrumb\"},\"inLanguage\":\"fr-FR\",\"potentialAction\":[{\"@type\":\"ReadAction\",\"target\":[\"https:\/\/lavilledemontable.fr\/index.php\/ressources-2\/ressources\/\"]}]},{\"@type\":\"BreadcrumbList\",\"@id\":\"https:\/\/lavilledemontable.fr\/index.php\/ressources-2\/ressources\/#breadcrumb\",\"itemListElement\":[{\"@type\":\"ListItem\",\"position\":1,\"name\":\"Accueil\",\"item\":\"https:\/\/lavilledemontable.fr\/\"},{\"@type\":\"ListItem\",\"position\":2,\"name\":\"Ressources\",\"item\":\"https:\/\/lavilledemontable.fr\/index.php\/ressources-2\/\"},{\"@type\":\"ListItem\",\"position\":3,\"name\":\"Documents r\\u00e9f\\u00e9rences\"}]}]}<\/script>\n<!-- \/ Yoast SEO plugin. -->","yoast_head_json":{"title":"Documents r\u00e9f\u00e9rences - La Ville D\u00e9montable &amp; R\u00e9versible","robots":{"index":"index","follow":"follow","max-snippet":"max-snippet:-1","max-image-preview":"max-image-preview:large","max-video-preview":"max-video-preview:-1"},"canonical":"https:\/\/lavilledemontable.fr\/index.php\/ressources-2\/ressources\/","og_locale":"fr_FR","og_type":"article","og_title":"Documents r\u00e9f\u00e9rences - La Ville D\u00e9montable &amp; R\u00e9versible","og_description":"R\u00e9sources Description Ann\u00e9e de parution Auteurs lien internet CIRCULAR ECONOMY &#8211; PRINCIPLES FOR BUILDING DESIGN Guide \u00e9dit\u00e9 par la Commission Europ\u00e9enne sur les principes de conception des b\u00e2timents dans le cadre de l\u2019\u00e9conomie circulaire 2020 Groupes de travail EC EUROPA-Principles for building design CIRCULAR ECONOMY IN CONSTRUCTION DESIGN STRATEGIES FOR REVERSIBLE BUILDINGS Contribution sur laLire la suite","og_url":"https:\/\/lavilledemontable.fr\/index.php\/ressources-2\/ressources\/","og_site_name":"La Ville D\u00e9montable &amp; R\u00e9versible","article_modified_time":"2021-10-22T14:10:26+00:00","twitter_card":"summary_large_image","twitter_misc":{"Dur\u00e9e de lecture est.":"2 minutes"},"schema":{"@context":"https:\/\/schema.org","@graph":[{"@type":"WebSite","@id":"https:\/\/lavilledemontable.fr\/#website","url":"https:\/\/lavilledemontable.fr\/","name":"La Ville D\u00e9montable &amp; R\u00e9versible","description":"Construire moins, construire mieux, r\u00e9utiliser plus","potentialAction":[{"@type":"SearchAction","target":{"@type":"EntryPoint","urlTemplate":"https:\/\/lavilledemontable.fr\/?s={search_term_string}"},"query-input":"required name=search_term_string"}],"inLanguage":"fr-FR"},{"@type":"WebPage","@id":"https:\/\/lavilledemontable.fr\/index.php\/ressources-2\/ressources\/#webpage","url":"https:\/\/lavilledemontable.fr\/index.php\/ressources-2\/ressources\/","name":"Documents r\u00e9f\u00e9rences - La Ville D\u00e9montable &amp; R\u00e9versible","isPartOf":{"@id":"https:\/\/lavilledemontable.fr\/#website"},"datePublished":"2021-03-16T11:48:15+00:00","dateModified":"2021-10-22T14:10:26+00:00","breadcrumb":{"@id":"https:\/\/lavilledemontable.fr\/index.php\/ressources-2\/ressources\/#breadcrumb"},"inLanguage":"fr-FR","potentialAction":[{"@type":"ReadAction","target":["https:\/\/lavilledemontable.fr\/index.php\/ressources-2\/ressources\/"]}]},{"@type":"BreadcrumbList","@id":"https:\/\/lavilledemontable.fr\/index.php\/ressources-2\/ressources\/#breadcrumb","itemListElement":[{"@type":"ListItem","position":1,"name":"Accueil","item":"https:\/\/lavilledemontable.fr\/"},{"@type":"ListItem","position":2,"name":"Ressources","item":"https:\/\/lavilledemontable.fr\/index.php\/ressources-2\/"},{"@type":"ListItem","position":3,"name":"Documents r\u00e9f\u00e9rences"}]}]}},"_links":{"self":[{"href":"https:\/\/lavilledemontable.fr\/index.php\/wp-json\/wp\/v2\/pages\/399"}],"collection":[{"href":"https:\/\/lavilledemontable.fr\/index.php\/wp-json\/wp\/v2\/pages"}],"about":[{"href":"https:\/\/lavilledemontable.fr\/index.php\/wp-json\/wp\/v2\/types\/page"}],"author":[{"embeddable":true,"href":"https:\/\/lavilledemontable.fr\/index.php\/wp-json\/wp\/v2\/users\/2"}],"replies":[{"embeddable":true,"href":"https:\/\/lavilledemontable.fr\/index.php\/wp-json\/wp\/v2\/comments?post=399"}],"version-history":[{"count":1,"href":"https:\/\/lavilledemontable.fr\/index.php\/wp-json\/wp\/v2\/pages\/399\/revisions"}],"predecessor-version":[{"id":1029,"href":"https:\/\/lavilledemontable.fr\/index.php\/wp-json\/wp\/v2\/pages\/399\/revisions\/1029"}],"up":[{"embeddable":true,"href":"https:\/\/lavilledemontable.fr\/index.php\/wp-json\/wp\/v2\/pages\/456"}],"wp:attachment":[{"href":"https:\/\/lavilledemontable.fr\/index.php\/wp-json\/wp\/v2\/media?parent=399"}],"curies":[{"name":"wp","href":"https:\/\/api.w.org\/{rel}","templated":true}]}}